{"id":15,"date":"2026-03-10T21:19:27","date_gmt":"2026-03-10T21:19:27","guid":{"rendered":"https:\/\/jakubpiorkowski.pl\/?page_id=15"},"modified":"2026-04-05T15:33:38","modified_gmt":"2026-04-05T15:33:38","slug":"strona-glowna","status":"publish","type":"page","link":"https:\/\/jakubpiorkowski.pl\/en\/strona-glowna\/","title":{"rendered":"Bio"},"content":{"rendered":"<div data-elementor-type=\"wp-page\" data-elementor-id=\"15\" class=\"elementor elementor-15\">\n\t\t\t\t<div class=\"elementor-element elementor-element-4bb1bb0 e-flex e-con-boxed e-con e-parent\" data-id=\"4bb1bb0\" data-element_type=\"container\" data-e-type=\"container\">\n\t\t\t\t\t<div class=\"e-con-inner\">\n\t\t\t\t<div class=\"elementor-element elementor-element-30969b1 elementor-widget elementor-widget-text-editor\" data-id=\"30969b1\" data-element_type=\"widget\" data-e-type=\"widget\" data-widget_type=\"text-editor.default\">\n\t\t\t\t\t\t\t\t\t<h3>Bio<\/h3>\t\t\t\t\t\t\t\t<\/div>\n\t\t\t\t\t<\/div>\n\t\t\t\t<\/div>\n\t\t<div class=\"elementor-element elementor-element-fe9fee0 e-grid e-con-boxed e-con e-parent\" data-id=\"fe9fee0\" data-element_type=\"container\" data-e-type=\"container\">\n\t\t\t\t\t<div class=\"e-con-inner\">\n\t\t\t\t<div class=\"elementor-element elementor-element-1a69f13 elementor-widget elementor-widget-image\" data-id=\"1a69f13\" data-element_type=\"widget\" data-e-type=\"widget\" data-widget_type=\"image.default\">\n\t\t\t\t\t\t\t\t\t\t\t\t\t\t\t<img loading=\"lazy\" decoding=\"async\" width=\"1024\" height=\"768\" src=\"https:\/\/jakubpiorkowski.pl\/wp-content\/uploads\/2026\/03\/prk-8-1-1024x768.jpg\" class=\"attachment-large size-large wp-image-572\" alt=\"\" srcset=\"https:\/\/jakubpiorkowski.pl\/wp-content\/uploads\/2026\/03\/prk-8-1-1024x768.jpg 1024w, https:\/\/jakubpiorkowski.pl\/wp-content\/uploads\/2026\/03\/prk-8-1-300x225.jpg 300w, https:\/\/jakubpiorkowski.pl\/wp-content\/uploads\/2026\/03\/prk-8-1-768x576.jpg 768w, https:\/\/jakubpiorkowski.pl\/wp-content\/uploads\/2026\/03\/prk-8-1-1536x1152.jpg 1536w, https:\/\/jakubpiorkowski.pl\/wp-content\/uploads\/2026\/03\/prk-8-1-2048x1536.jpg 2048w, https:\/\/jakubpiorkowski.pl\/wp-content\/uploads\/2026\/03\/prk-8-1-16x12.jpg 16w\" sizes=\"auto, (max-width: 1024px) 100vw, 1024px\" \/>\t\t\t\t\t\t\t\t\t\t\t\t\t\t\t<\/div>\n\t\t\t\t<div class=\"elementor-element elementor-element-d8daf15 elementor-widget elementor-widget-text-editor\" data-id=\"d8daf15\" data-element_type=\"widget\" data-e-type=\"widget\" data-widget_type=\"text-editor.default\">\n\t\t\t\t\t\t\t\t\t<p>&nbsp; &nbsp; &nbsp; Cinematographer with a deep passion for creating high-quality visual stories. I have the skills and competencies needed to execute the cinematography of a film: from the development of a visual concept developed at the script level, to its realization on set.<\/p>\n<p>&nbsp; &nbsp; &nbsp;In my filmography, I have been the cinematographer for more than a dozen short feature films, as well as promotional spots, music videos, and documentaries.<\/p>\t\t\t\t\t\t\t\t<\/div>\n\t\t\t\t<div class=\"elementor-element elementor-element-438d4cd elementor-widget elementor-widget-text-editor\" data-id=\"438d4cd\" data-element_type=\"widget\" data-e-type=\"widget\" data-widget_type=\"text-editor.default\">\n\t\t\t\t\t\t\t\t\t<p>\u00a0 \u00a0 \u00a0 \u00a0Films for which I am the cinematographer have been screened at film festivals around the world: Starting with the Polish Youth and Film Festival in Koszalin, LGBT Filmfest, Independent Days International Filmfestival in Karlsruhe, Neisse Nisa Film Festival, InShadow in Portugal, Manifest Dance-Film Festival in India, Dance On Screen FilmFest in Austria, Blaue Blume in Berlin, Golden Thesis Film Festival in Los Angeles, Kinematora Film Festival in Sweden, Lights Dance Festival in Sweden, Festival MixBrasil in Brazil.<\/p>\t\t\t\t\t\t\t\t<\/div>\n\t\t\t\t<div class=\"elementor-element elementor-element-c853d05 elementor-widget elementor-widget-image\" data-id=\"c853d05\" data-element_type=\"widget\" data-e-type=\"widget\" data-widget_type=\"image.default\">\n\t\t\t\t\t\t\t\t\t\t\t\t\t\t\t<img loading=\"lazy\" decoding=\"async\" width=\"1024\" height=\"798\" src=\"https:\/\/jakubpiorkowski.pl\/wp-content\/uploads\/2026\/03\/prk4-1024x798.jpg\" class=\"attachment-large size-large wp-image-229\" alt=\"\" srcset=\"https:\/\/jakubpiorkowski.pl\/wp-content\/uploads\/2026\/03\/prk4-1024x798.jpg 1024w, https:\/\/jakubpiorkowski.pl\/wp-content\/uploads\/2026\/03\/prk4-300x234.jpg 300w, https:\/\/jakubpiorkowski.pl\/wp-content\/uploads\/2026\/03\/prk4-768x599.jpg 768w, https:\/\/jakubpiorkowski.pl\/wp-content\/uploads\/2026\/03\/prk4.jpg 1314w\" sizes=\"auto, (max-width: 1024px) 100vw, 1024px\" \/>\t\t\t\t\t\t\t\t\t\t\t\t\t\t\t<\/div>\n\t\t\t\t<div class=\"elementor-element elementor-element-5b26324 elementor-widget elementor-widget-image\" data-id=\"5b26324\" data-element_type=\"widget\" data-e-type=\"widget\" data-widget_type=\"image.default\">\n\t\t\t\t\t\t\t\t\t\t\t\t\t\t\t<img loading=\"lazy\" decoding=\"async\" width=\"1024\" height=\"919\" src=\"https:\/\/jakubpiorkowski.pl\/wp-content\/uploads\/2026\/03\/prk-3-4-1024x919.jpg\" class=\"attachment-large size-large wp-image-236\" alt=\"\" srcset=\"https:\/\/jakubpiorkowski.pl\/wp-content\/uploads\/2026\/03\/prk-3-4-1024x919.jpg 1024w, https:\/\/jakubpiorkowski.pl\/wp-content\/uploads\/2026\/03\/prk-3-4-300x269.jpg 300w, https:\/\/jakubpiorkowski.pl\/wp-content\/uploads\/2026\/03\/prk-3-4-768x689.jpg 768w, https:\/\/jakubpiorkowski.pl\/wp-content\/uploads\/2026\/03\/prk-3-4-1536x1378.jpg 1536w, https:\/\/jakubpiorkowski.pl\/wp-content\/uploads\/2026\/03\/prk-3-4-2048x1837.jpg 2048w\" sizes=\"auto, (max-width: 1024px) 100vw, 1024px\" \/>\t\t\t\t\t\t\t\t\t\t\t\t\t\t\t<\/div>\n\t\t\t\t<div class=\"elementor-element elementor-element-83e2022 elementor-widget elementor-widget-text-editor\" data-id=\"83e2022\" data-element_type=\"widget\" data-e-type=\"widget\" data-widget_type=\"text-editor.default\">\n\t\t\t\t\t\t\t\t\t<p>\u00a0 \u00a0 \u00a0 \u00a0 I gained my experience as a cinematographer at the Krzysztof Kieslowski Film School in Katowice, being a student of cinematography and photography. My development in the field of photography led me to the path of cinematographer. After the film school, I developed my craft on the sets of short films, commercials, music videos and full-length productions or series. <br \/>\u00a0 \u00a0 \u00a0 <br \/>\u00a0 \u00a0 \u00a0 This path, allowed me to get acquainted with all the tasks that the divisions and people who work with the cinematographer perform, and to learn the art of cinematography from older and more experienced people in the film industry.<\/p>\t\t\t\t\t\t\t\t<\/div>\n\t\t\t\t<div class=\"elementor-element elementor-element-9f2e4dc elementor-widget elementor-widget-text-editor\" data-id=\"9f2e4dc\" data-element_type=\"widget\" data-e-type=\"widget\" data-widget_type=\"text-editor.default\">\n\t\t\t\t\t\t\t\t\t<p>\u00a0 \u00a0 \u00a0 \u00a0 \u00a0Beyond film, I am still interested in photography and painting, these are the fields in which I am still active. Before I got into film, I was involved in advertising photography, commercial photography, analog photography including, large format photography, and historical photographic techniques such as wet plate collodion. This is a historical photographic art developed in 1839. I was able to reproduce this unique technique in which photographs are made on glass. You can see the works made using this technique in the gallery.\u00a0<\/p><p>\u00a0 \u00a0 \u00a0I am inspired by contemporary art, especially painting. My favorite artists are Alberto Giacometti in both painting and sculpture, Mark Rothko, Wojciech Fangor and Jackson Pollock.<\/p>\t\t\t\t\t\t\t\t<\/div>\n\t\t\t\t<div class=\"elementor-element elementor-element-d3772ba elementor-widget elementor-widget-image\" data-id=\"d3772ba\" data-element_type=\"widget\" data-e-type=\"widget\" data-widget_type=\"image.default\">\n\t\t\t\t\t\t\t\t\t\t\t\t\t\t\t<img loading=\"lazy\" decoding=\"async\" width=\"1024\" height=\"1024\" src=\"https:\/\/jakubpiorkowski.pl\/wp-content\/uploads\/2026\/03\/1.png\" class=\"attachment-large size-large wp-image-244\" alt=\"\" srcset=\"https:\/\/jakubpiorkowski.pl\/wp-content\/uploads\/2026\/03\/1.png 1024w, https:\/\/jakubpiorkowski.pl\/wp-content\/uploads\/2026\/03\/1-300x300.png 300w, https:\/\/jakubpiorkowski.pl\/wp-content\/uploads\/2026\/03\/1-150x150.png 150w, https:\/\/jakubpiorkowski.pl\/wp-content\/uploads\/2026\/03\/1-768x768.png 768w\" sizes=\"auto, (max-width: 1024px) 100vw, 1024px\" \/>\t\t\t\t\t\t\t\t\t\t\t\t\t\t\t<\/div>\n\t\t\t\t\t<\/div>\n\t\t\t\t<\/div>\n\t\t\t\t<\/div>","protected":false},"excerpt":{"rendered":"<p>Bio &nbsp; &nbsp; &nbsp; Operator filmowy z g\u0142\u0119bok\u0105 pasj\u0105 do tworzenia wysokiej jako\u015bci wizualnych historii. Posiadam umiej\u0119tno\u015b\u0107 i kompetencje potrzebne [&hellip;]<\/p>\n","protected":false},"author":1,"featured_media":0,"parent":0,"menu_order":0,"comment_status":"closed","ping_status":"closed","template":"","meta":{"site-sidebar-layout":"no-sidebar","site-content-layout":"","ast-site-content-layout":"full-width-container","site-content-style":"default","site-sidebar-style":"default","ast-global-header-display":"","ast-banner-title-visibility":"","ast-main-header-display":"","ast-hfb-above-header-display":"","ast-hfb-below-header-display":"","ast-hfb-mobile-header-display":"","site-post-title":"disabled","ast-breadcrumbs-content":"","ast-featured-img":"disabled","footer-sml-layout":"","ast-disable-related-posts":"","theme-transparent-header-meta":"","adv-header-id-meta":"","stick-header-meta":"","header-above-stick-meta":"","header-main-stick-meta":"","header-below-stick-meta":"","astra-migrate-meta-layouts":"default","ast-page-background-enabled":"default","ast-page-background-meta":{"desktop":{"background-color":"var(--ast-global-color-5)","background-image":"","background-repeat":"repeat","background-position":"center center","background-size":"auto","background-attachment":"scroll","background-type":"","background-media":"","overlay-type":"","overlay-color":"","overlay-opacity":"","overlay-gradient":""},"tablet":{"background-color":"","background-image":"","background-repeat":"repeat","background-position":"center center","background-size":"auto","background-attachment":"scroll","background-type":"","background-media":"","overlay-type":"","overlay-color":"","overlay-opacity":"","overlay-gradient":""},"mobile":{"background-color":"","background-image":"","background-repeat":"repeat","background-position":"center center","background-size":"auto","background-attachment":"scroll","background-type":"","background-media":"","overlay-type":"","overlay-color":"","overlay-opacity":"","overlay-gradient":""}},"ast-content-background-meta":{"desktop":{"background-color":"var(--ast-global-color-4)","background-image":"","background-repeat":"repeat","background-position":"center center","background-size":"auto","background-attachment":"scroll","background-type":"","background-media":"","overlay-type":"","overlay-color":"","overlay-opacity":"","overlay-gradient":""},"tablet":{"background-color":"var(--ast-global-color-4)","background-image":"","background-repeat":"repeat","background-position":"center center","background-size":"auto","background-attachment":"scroll","background-type":"","background-media":"","overlay-type":"","overlay-color":"","overlay-opacity":"","overlay-gradient":""},"mobile":{"background-color":"var(--ast-global-color-4)","background-image":"","background-repeat":"repeat","background-position":"center center","background-size":"auto","background-attachment":"scroll","background-type":"","background-media":"","overlay-type":"","overlay-color":"","overlay-opacity":"","overlay-gradient":""}},"footnotes":""},"class_list":["post-15","page","type-page","status-publish","hentry"],"_links":{"self":[{"href":"https:\/\/jakubpiorkowski.pl\/en\/wp-json\/wp\/v2\/pages\/15","targetHints":{"allow":["GET"]}}],"collection":[{"href":"https:\/\/jakubpiorkowski.pl\/en\/wp-json\/wp\/v2\/pages"}],"about":[{"href":"https:\/\/jakubpiorkowski.pl\/en\/wp-json\/wp\/v2\/types\/page"}],"author":[{"embeddable":true,"href":"https:\/\/jakubpiorkowski.pl\/en\/wp-json\/wp\/v2\/users\/1"}],"replies":[{"embeddable":true,"href":"https:\/\/jakubpiorkowski.pl\/en\/wp-json\/wp\/v2\/comments?post=15"}],"version-history":[{"count":163,"href":"https:\/\/jakubpiorkowski.pl\/en\/wp-json\/wp\/v2\/pages\/15\/revisions"}],"predecessor-version":[{"id":667,"href":"https:\/\/jakubpiorkowski.pl\/en\/wp-json\/wp\/v2\/pages\/15\/revisions\/667"}],"wp:attachment":[{"href":"https:\/\/jakubpiorkowski.pl\/en\/wp-json\/wp\/v2\/media?parent=15"}],"curies":[{"name":"wp","href":"https:\/\/api.w.org\/{rel}","templated":true}]}}