{"id":49,"date":"2026-03-11T13:54:07","date_gmt":"2026-03-11T13:54:07","guid":{"rendered":"https:\/\/jakubpiorkowski.pl\/?page_id=49"},"modified":"2026-04-08T11:03:48","modified_gmt":"2026-04-08T11:03:48","slug":"works","status":"publish","type":"page","link":"https:\/\/jakubpiorkowski.pl\/en\/","title":{"rendered":"Works"},"content":{"rendered":"<div data-elementor-type=\"wp-page\" data-elementor-id=\"49\" class=\"elementor elementor-49\">\n\t\t\t\t<div class=\"elementor-element elementor-element-65bfd94 e-flex e-con-boxed e-con e-parent\" data-id=\"65bfd94\" data-element_type=\"container\" data-e-type=\"container\">\n\t\t\t\t\t<div class=\"e-con-inner\">\n\t\t<div class=\"elementor-element elementor-element-2379742 e-con-full e-flex e-con e-child\" data-id=\"2379742\" data-element_type=\"container\" data-e-type=\"container\">\n\t\t\t\t<div class=\"elementor-element elementor-element-a184d12 elementor-widget elementor-widget-text-editor\" data-id=\"a184d12\" data-element_type=\"widget\" data-e-type=\"widget\" data-widget_type=\"text-editor.default\">\n\t\t\t\t\t\t\t\t\t<h3><strong>Works<\/strong><\/h3>\t\t\t\t\t\t\t\t<\/div>\n\t\t\t\t<div class=\"elementor-element elementor-element-dd72a34 elementor-widget elementor-widget-image\" data-id=\"dd72a34\" data-element_type=\"widget\" data-e-type=\"widget\" data-widget_type=\"image.default\">\n\t\t\t\t\t\t\t\t\t\t\t\t\t\t\t<img fetchpriority=\"high\" decoding=\"async\" width=\"1024\" height=\"576\" src=\"https:\/\/jakubpiorkowski.pl\/wp-content\/uploads\/2026\/03\/kfop-2-1024x576.jpg\" class=\"attachment-large size-large wp-image-398\" alt=\"\" srcset=\"https:\/\/jakubpiorkowski.pl\/wp-content\/uploads\/2026\/03\/kfop-2-1024x576.jpg 1024w, https:\/\/jakubpiorkowski.pl\/wp-content\/uploads\/2026\/03\/kfop-2-300x169.jpg 300w, https:\/\/jakubpiorkowski.pl\/wp-content\/uploads\/2026\/03\/kfop-2-768x432.jpg 768w, https:\/\/jakubpiorkowski.pl\/wp-content\/uploads\/2026\/03\/kfop-2-1536x864.jpg 1536w, https:\/\/jakubpiorkowski.pl\/wp-content\/uploads\/2026\/03\/kfop-2.jpg 1920w\" sizes=\"(max-width: 1024px) 100vw, 1024px\" \/>\t\t\t\t\t\t\t\t\t\t\t\t\t\t\t<\/div>\n\t\t\t\t<div class=\"elementor-element elementor-element-f842eed elementor-widget elementor-widget-text-editor\" data-id=\"f842eed\" data-element_type=\"widget\" data-e-type=\"widget\" data-widget_type=\"text-editor.default\">\n\t\t\t\t\t\t\t\t\t<p>\u201eA Short Story About Friendship\u201d Narrative, 2026r, Comedy<br \/>Dir: Robert Czerwinski<br \/>Dop: Jakub Pi\u00f3rkowski<\/p>\t\t\t\t\t\t\t\t<\/div>\n\t\t\t\t<div class=\"elementor-element elementor-element-53ed446 elementor-widget elementor-widget-image\" data-id=\"53ed446\" data-element_type=\"widget\" data-e-type=\"widget\" data-widget_type=\"image.default\">\n\t\t\t\t\t\t\t\t\t\t\t\t\t\t\t<img decoding=\"async\" width=\"1024\" height=\"566\" src=\"https:\/\/jakubpiorkowski.pl\/wp-content\/uploads\/2026\/03\/image-1-1024x566.jpg\" class=\"attachment-large size-large wp-image-397\" alt=\"\" srcset=\"https:\/\/jakubpiorkowski.pl\/wp-content\/uploads\/2026\/03\/image-1-1024x566.jpg 1024w, https:\/\/jakubpiorkowski.pl\/wp-content\/uploads\/2026\/03\/image-1-300x166.jpg 300w, https:\/\/jakubpiorkowski.pl\/wp-content\/uploads\/2026\/03\/image-1-768x425.jpg 768w, https:\/\/jakubpiorkowski.pl\/wp-content\/uploads\/2026\/03\/image-1.jpg 1360w\" sizes=\"(max-width: 1024px) 100vw, 1024px\" \/>\t\t\t\t\t\t\t\t\t\t\t\t\t\t\t<\/div>\n\t\t\t\t<div class=\"elementor-element elementor-element-d9343d1 elementor-widget elementor-widget-text-editor\" data-id=\"d9343d1\" data-element_type=\"widget\" data-e-type=\"widget\" data-widget_type=\"text-editor.default\">\n\t\t\t\t\t\t\t\t\t<p>\u201eLiminal\u201d Narrative 2025r, Science-fiction<br \/>Dir: Paulina Michta<br \/>Dop: Jakub Pi\u00f3rkowski<\/p>\t\t\t\t\t\t\t\t<\/div>\n\t\t\t\t<div class=\"elementor-element elementor-element-1f70d88 elementor-widget elementor-widget-image\" data-id=\"1f70d88\" data-element_type=\"widget\" data-e-type=\"widget\" data-widget_type=\"image.default\">\n\t\t\t\t\t\t\t\t\t\t\t\t\t\t\t<img decoding=\"async\" width=\"1024\" height=\"576\" src=\"https:\/\/jakubpiorkowski.pl\/wp-content\/uploads\/2026\/03\/wrocic-do-siebei-1-1024x576.jpg\" class=\"attachment-large size-large wp-image-402\" alt=\"\" srcset=\"https:\/\/jakubpiorkowski.pl\/wp-content\/uploads\/2026\/03\/wrocic-do-siebei-1-1024x576.jpg 1024w, https:\/\/jakubpiorkowski.pl\/wp-content\/uploads\/2026\/03\/wrocic-do-siebei-1-300x169.jpg 300w, https:\/\/jakubpiorkowski.pl\/wp-content\/uploads\/2026\/03\/wrocic-do-siebei-1-768x432.jpg 768w, https:\/\/jakubpiorkowski.pl\/wp-content\/uploads\/2026\/03\/wrocic-do-siebei-1.jpg 1081w\" sizes=\"(max-width: 1024px) 100vw, 1024px\" \/>\t\t\t\t\t\t\t\t\t\t\t\t\t\t\t<\/div>\n\t\t\t\t<div class=\"elementor-element elementor-element-8366cf0 elementor-widget elementor-widget-text-editor\" data-id=\"8366cf0\" data-element_type=\"widget\" data-e-type=\"widget\" data-widget_type=\"text-editor.default\">\n\t\t\t\t\t\t\t\t\t<p>\u201eGet Back Together\u201d by Paulina Pytlak, 2025r,Music Video\u00a0<br \/>Dir: Robert Czerwinski<br \/>Dop: Jakub Pi\u00f3rkowski<\/p>\t\t\t\t\t\t\t\t<\/div>\n\t\t\t\t<div class=\"elementor-element elementor-element-4eca97b elementor-widget elementor-widget-image\" data-id=\"4eca97b\" data-element_type=\"widget\" data-e-type=\"widget\" data-widget_type=\"image.default\">\n\t\t\t\t\t\t\t\t\t\t\t\t\t\t\t<img loading=\"lazy\" decoding=\"async\" width=\"1024\" height=\"576\" src=\"https:\/\/jakubpiorkowski.pl\/wp-content\/uploads\/2026\/03\/kill-the-rat-1024x576.jpg\" class=\"attachment-large size-large wp-image-395\" alt=\"\" srcset=\"https:\/\/jakubpiorkowski.pl\/wp-content\/uploads\/2026\/03\/kill-the-rat-1024x576.jpg 1024w, https:\/\/jakubpiorkowski.pl\/wp-content\/uploads\/2026\/03\/kill-the-rat-300x169.jpg 300w, https:\/\/jakubpiorkowski.pl\/wp-content\/uploads\/2026\/03\/kill-the-rat-768x432.jpg 768w, https:\/\/jakubpiorkowski.pl\/wp-content\/uploads\/2026\/03\/kill-the-rat-1536x864.jpg 1536w, https:\/\/jakubpiorkowski.pl\/wp-content\/uploads\/2026\/03\/kill-the-rat.jpg 1920w\" sizes=\"(max-width: 1024px) 100vw, 1024px\" \/>\t\t\t\t\t\t\t\t\t\t\t\t\t\t\t<\/div>\n\t\t\t\t<div class=\"elementor-element elementor-element-4fea891 elementor-widget elementor-widget-text-editor\" data-id=\"4fea891\" data-element_type=\"widget\" data-e-type=\"widget\" data-widget_type=\"text-editor.default\">\n\t\t\t\t\t\t\t\t\t<p>\u201eKill the rat\u201d Narrative, 2025r, Thriller<br \/>Dir: Marcin Winiarski<br \/>Dop: Jakub Pi\u00f3rkowski<\/p>\t\t\t\t\t\t\t\t<\/div>\n\t\t\t\t<div class=\"elementor-element elementor-element-65a4d8c elementor-widget elementor-widget-image\" data-id=\"65a4d8c\" data-element_type=\"widget\" data-e-type=\"widget\" data-widget_type=\"image.default\">\n\t\t\t\t\t\t\t\t\t\t\t\t\t\t\t<img loading=\"lazy\" decoding=\"async\" width=\"1024\" height=\"576\" src=\"https:\/\/jakubpiorkowski.pl\/wp-content\/uploads\/2026\/03\/Koniec-swiata-1024x576.jpg\" class=\"attachment-large size-large wp-image-394\" alt=\"\" srcset=\"https:\/\/jakubpiorkowski.pl\/wp-content\/uploads\/2026\/03\/Koniec-swiata-1024x576.jpg 1024w, https:\/\/jakubpiorkowski.pl\/wp-content\/uploads\/2026\/03\/Koniec-swiata-300x169.jpg 300w, https:\/\/jakubpiorkowski.pl\/wp-content\/uploads\/2026\/03\/Koniec-swiata-768x432.jpg 768w, https:\/\/jakubpiorkowski.pl\/wp-content\/uploads\/2026\/03\/Koniec-swiata-1536x864.jpg 1536w, https:\/\/jakubpiorkowski.pl\/wp-content\/uploads\/2026\/03\/Koniec-swiata.jpg 1920w\" sizes=\"(max-width: 1024px) 100vw, 1024px\" \/>\t\t\t\t\t\t\t\t\t\t\t\t\t\t\t<\/div>\n\t\t\t\t<div class=\"elementor-element elementor-element-0457a02 elementor-widget elementor-widget-text-editor\" data-id=\"0457a02\" data-element_type=\"widget\" data-e-type=\"widget\" data-widget_type=\"text-editor.default\">\n\t\t\t\t\t\t\t\t\t<p>\u201eEnd of the World\u201d Narrative, 2025. Drama<br \/>Dir: Paulina Michta<br \/>Dop: Jakub Pi\u00f3rkowski<\/p>\t\t\t\t\t\t\t\t<\/div>\n\t\t\t\t<div class=\"elementor-element elementor-element-bc9019e elementor-widget elementor-widget-image\" data-id=\"bc9019e\" data-element_type=\"widget\" data-e-type=\"widget\" data-widget_type=\"image.default\">\n\t\t\t\t\t\t\t\t\t\t\t\t\t\t\t<img loading=\"lazy\" decoding=\"async\" width=\"1024\" height=\"576\" src=\"https:\/\/jakubpiorkowski.pl\/wp-content\/uploads\/2026\/03\/ladylike-1024x576.jpg\" class=\"attachment-large size-large wp-image-393\" alt=\"\" srcset=\"https:\/\/jakubpiorkowski.pl\/wp-content\/uploads\/2026\/03\/ladylike-1024x576.jpg 1024w, https:\/\/jakubpiorkowski.pl\/wp-content\/uploads\/2026\/03\/ladylike-300x169.jpg 300w, https:\/\/jakubpiorkowski.pl\/wp-content\/uploads\/2026\/03\/ladylike-768x432.jpg 768w, https:\/\/jakubpiorkowski.pl\/wp-content\/uploads\/2026\/03\/ladylike-1536x864.jpg 1536w, https:\/\/jakubpiorkowski.pl\/wp-content\/uploads\/2026\/03\/ladylike.jpg 1920w\" sizes=\"(max-width: 1024px) 100vw, 1024px\" \/>\t\t\t\t\t\t\t\t\t\t\t\t\t\t\t<\/div>\n\t\t\t\t<div class=\"elementor-element elementor-element-4e6a973 elementor-widget elementor-widget-text-editor\" data-id=\"4e6a973\" data-element_type=\"widget\" data-e-type=\"widget\" data-widget_type=\"text-editor.default\">\n\t\t\t\t\t\t\t\t\t<p>\u201eLadylike\u201d Narrative, 2024r.Drama<br \/>Dir: Olga Jakubiec<br \/>Dop: Jakub Pi\u00f3rkowski<\/p>\t\t\t\t\t\t\t\t<\/div>\n\t\t\t\t<div class=\"elementor-element elementor-element-b7b755d elementor-widget elementor-widget-image\" data-id=\"b7b755d\" data-element_type=\"widget\" data-e-type=\"widget\" data-widget_type=\"image.default\">\n\t\t\t\t\t\t\t\t\t\t\t\t\t\t\t<img loading=\"lazy\" decoding=\"async\" width=\"1024\" height=\"576\" src=\"https:\/\/jakubpiorkowski.pl\/wp-content\/uploads\/2026\/03\/Film-nati-1024x576.jpg\" class=\"attachment-large size-large wp-image-392\" alt=\"\" srcset=\"https:\/\/jakubpiorkowski.pl\/wp-content\/uploads\/2026\/03\/Film-nati-1024x576.jpg 1024w, https:\/\/jakubpiorkowski.pl\/wp-content\/uploads\/2026\/03\/Film-nati-300x169.jpg 300w, https:\/\/jakubpiorkowski.pl\/wp-content\/uploads\/2026\/03\/Film-nati-768x432.jpg 768w, https:\/\/jakubpiorkowski.pl\/wp-content\/uploads\/2026\/03\/Film-nati-1536x864.jpg 1536w, https:\/\/jakubpiorkowski.pl\/wp-content\/uploads\/2026\/03\/Film-nati.jpg 1920w\" sizes=\"(max-width: 1024px) 100vw, 1024px\" \/>\t\t\t\t\t\t\t\t\t\t\t\t\t\t\t<\/div>\n\t\t\t\t<div class=\"elementor-element elementor-element-8fef8b7 elementor-widget elementor-widget-text-editor\" data-id=\"8fef8b7\" data-element_type=\"widget\" data-e-type=\"widget\" data-widget_type=\"text-editor.default\">\n\t\t\t\t\t\t\t\t\t<p>\u201eFilm Nati\u201d Narrative, 2023r, Drama<br \/>Dir: Natalia Gol\u0119biewska<br \/>Dop: Jakub Pi\u00f3rkowski<\/p>\t\t\t\t\t\t\t\t<\/div>\n\t\t\t\t<div class=\"elementor-element elementor-element-70fde65 elementor-widget elementor-widget-image\" data-id=\"70fde65\" data-element_type=\"widget\" data-e-type=\"widget\" data-widget_type=\"image.default\">\n\t\t\t\t\t\t\t\t\t\t\t\t\t\t\t<img loading=\"lazy\" decoding=\"async\" width=\"1024\" height=\"502\" src=\"https:\/\/jakubpiorkowski.pl\/wp-content\/uploads\/2026\/03\/bedzie-dobrze-screen-1024x502.jpg\" class=\"attachment-large size-large wp-image-391\" alt=\"\" srcset=\"https:\/\/jakubpiorkowski.pl\/wp-content\/uploads\/2026\/03\/bedzie-dobrze-screen-1024x502.jpg 1024w, https:\/\/jakubpiorkowski.pl\/wp-content\/uploads\/2026\/03\/bedzie-dobrze-screen-300x147.jpg 300w, https:\/\/jakubpiorkowski.pl\/wp-content\/uploads\/2026\/03\/bedzie-dobrze-screen-768x376.jpg 768w, https:\/\/jakubpiorkowski.pl\/wp-content\/uploads\/2026\/03\/bedzie-dobrze-screen-1536x753.jpg 1536w, https:\/\/jakubpiorkowski.pl\/wp-content\/uploads\/2026\/03\/bedzie-dobrze-screen.jpg 1763w\" sizes=\"(max-width: 1024px) 100vw, 1024px\" \/>\t\t\t\t\t\t\t\t\t\t\t\t\t\t\t<\/div>\n\t\t\t\t<div class=\"elementor-element elementor-element-b6aaafe elementor-widget elementor-widget-text-editor\" data-id=\"b6aaafe\" data-element_type=\"widget\" data-e-type=\"widget\" data-widget_type=\"text-editor.default\">\n\t\t\t\t\t\t\t\t\t<p>\u201eIt's going to be okay\u201d Documentary, 2023.<br \/>Dir: Weronika Chwa\u0142ek<br \/>Dop: Jakub Pi\u00f3rkowski<\/p>\t\t\t\t\t\t\t\t<\/div>\n\t\t\t\t<div class=\"elementor-element elementor-element-3af9dbc elementor-widget elementor-widget-image\" data-id=\"3af9dbc\" data-element_type=\"widget\" data-e-type=\"widget\" data-widget_type=\"image.default\">\n\t\t\t\t\t\t\t\t\t\t\t\t\t\t\t<img loading=\"lazy\" decoding=\"async\" width=\"1024\" height=\"575\" src=\"https:\/\/jakubpiorkowski.pl\/wp-content\/uploads\/2026\/03\/Peks-screen-1-1-1024x575.jpg\" class=\"attachment-large size-large wp-image-390\" alt=\"\" srcset=\"https:\/\/jakubpiorkowski.pl\/wp-content\/uploads\/2026\/03\/Peks-screen-1-1-1024x575.jpg 1024w, https:\/\/jakubpiorkowski.pl\/wp-content\/uploads\/2026\/03\/Peks-screen-1-1-300x168.jpg 300w, https:\/\/jakubpiorkowski.pl\/wp-content\/uploads\/2026\/03\/Peks-screen-1-1-768x431.jpg 768w, https:\/\/jakubpiorkowski.pl\/wp-content\/uploads\/2026\/03\/Peks-screen-1-1-1536x862.jpg 1536w, https:\/\/jakubpiorkowski.pl\/wp-content\/uploads\/2026\/03\/Peks-screen-1-1.jpg 1791w\" sizes=\"(max-width: 1024px) 100vw, 1024px\" \/>\t\t\t\t\t\t\t\t\t\t\t\t\t\t\t<\/div>\n\t\t\t\t<div class=\"elementor-element elementor-element-e4c0b12 elementor-widget elementor-widget-text-editor\" data-id=\"e4c0b12\" data-element_type=\"widget\" data-e-type=\"widget\" data-widget_type=\"text-editor.default\">\n\t\t\t\t\t\t\t\t\t<p>\u201ePeks\u201d Documentary, 2023<br \/>Dop&amp;Dir : Jakub Pi\u00f3rkowski<\/p>\t\t\t\t\t\t\t\t<\/div>\n\t\t\t\t<div class=\"elementor-element elementor-element-a3c40b3 elementor-widget elementor-widget-image\" data-id=\"a3c40b3\" data-element_type=\"widget\" data-e-type=\"widget\" data-widget_type=\"image.default\">\n\t\t\t\t\t\t\t\t\t\t\t\t\t\t\t<img loading=\"lazy\" decoding=\"async\" width=\"1024\" height=\"576\" src=\"https:\/\/jakubpiorkowski.pl\/wp-content\/uploads\/2026\/03\/Czucie-1024x576.jpg\" class=\"attachment-large size-large wp-image-388\" alt=\"\" srcset=\"https:\/\/jakubpiorkowski.pl\/wp-content\/uploads\/2026\/03\/Czucie-1024x576.jpg 1024w, https:\/\/jakubpiorkowski.pl\/wp-content\/uploads\/2026\/03\/Czucie-300x169.jpg 300w, https:\/\/jakubpiorkowski.pl\/wp-content\/uploads\/2026\/03\/Czucie-768x432.jpg 768w, https:\/\/jakubpiorkowski.pl\/wp-content\/uploads\/2026\/03\/Czucie-1536x864.jpg 1536w, https:\/\/jakubpiorkowski.pl\/wp-content\/uploads\/2026\/03\/Czucie.jpg 1920w\" sizes=\"(max-width: 1024px) 100vw, 1024px\" \/>\t\t\t\t\t\t\t\t\t\t\t\t\t\t\t<\/div>\n\t\t\t\t<div class=\"elementor-element elementor-element-7e1eb2c elementor-widget elementor-widget-text-editor\" data-id=\"7e1eb2c\" data-element_type=\"widget\" data-e-type=\"widget\" data-widget_type=\"text-editor.default\">\n\t\t\t\t\t\t\t\t\t<p>\u201eFeeling\u201d Narrative, 2023r, Drama<br \/>Dir: Paulina Michta<br \/>Dop: Jakub Pi\u00f3rkowski<\/p>\t\t\t\t\t\t\t\t<\/div>\n\t\t\t\t<div class=\"elementor-element elementor-element-227da50 elementor-widget elementor-widget-image\" data-id=\"227da50\" data-element_type=\"widget\" data-e-type=\"widget\" data-widget_type=\"image.default\">\n\t\t\t\t\t\t\t\t\t\t\t\t\t\t\t<img loading=\"lazy\" decoding=\"async\" width=\"1024\" height=\"590\" src=\"https:\/\/jakubpiorkowski.pl\/wp-content\/uploads\/2026\/03\/kinooperator-2-1024x590.jpg\" class=\"attachment-large size-large wp-image-387\" alt=\"\" srcset=\"https:\/\/jakubpiorkowski.pl\/wp-content\/uploads\/2026\/03\/kinooperator-2-1024x590.jpg 1024w, https:\/\/jakubpiorkowski.pl\/wp-content\/uploads\/2026\/03\/kinooperator-2-300x173.jpg 300w, https:\/\/jakubpiorkowski.pl\/wp-content\/uploads\/2026\/03\/kinooperator-2-768x442.jpg 768w, https:\/\/jakubpiorkowski.pl\/wp-content\/uploads\/2026\/03\/kinooperator-2.jpg 1443w\" sizes=\"(max-width: 1024px) 100vw, 1024px\" \/>\t\t\t\t\t\t\t\t\t\t\t\t\t\t\t<\/div>\n\t\t\t\t<div class=\"elementor-element elementor-element-c23a0ee elementor-widget elementor-widget-text-editor\" data-id=\"c23a0ee\" data-element_type=\"widget\" data-e-type=\"widget\" data-widget_type=\"text-editor.default\">\n\t\t\t\t\t\t\t\t\t<p>\u201eKinooperator\u201d Documentary, 2022.<br \/>Dir: Rados\u0142aw Kozie\u0142, Jakub Pi\u00f3rkowski<br \/>Dop: Radoslaw Koziel, Jakub Pi\u00f3rkowski<\/p>\t\t\t\t\t\t\t\t<\/div>\n\t\t\t\t<div class=\"elementor-element elementor-element-87f554d elementor-widget elementor-widget-image\" data-id=\"87f554d\" data-element_type=\"widget\" data-e-type=\"widget\" data-widget_type=\"image.default\">\n\t\t\t\t\t\t\t\t\t\t\t\t\t\t\t<img loading=\"lazy\" decoding=\"async\" width=\"1024\" height=\"576\" src=\"https:\/\/jakubpiorkowski.pl\/wp-content\/uploads\/2026\/03\/urobek-screen-1-1024x576.jpg\" class=\"attachment-large size-large wp-image-384\" alt=\"\" srcset=\"https:\/\/jakubpiorkowski.pl\/wp-content\/uploads\/2026\/03\/urobek-screen-1-1024x576.jpg 1024w, https:\/\/jakubpiorkowski.pl\/wp-content\/uploads\/2026\/03\/urobek-screen-1-300x169.jpg 300w, https:\/\/jakubpiorkowski.pl\/wp-content\/uploads\/2026\/03\/urobek-screen-1-768x432.jpg 768w, https:\/\/jakubpiorkowski.pl\/wp-content\/uploads\/2026\/03\/urobek-screen-1-1536x864.jpg 1536w, https:\/\/jakubpiorkowski.pl\/wp-content\/uploads\/2026\/03\/urobek-screen-1.jpg 1920w\" sizes=\"(max-width: 1024px) 100vw, 1024px\" \/>\t\t\t\t\t\t\t\t\t\t\t\t\t\t\t<\/div>\n\t\t<div class=\"elementor-element elementor-element-e587f00 e-con-full e-flex e-con e-child\" data-id=\"e587f00\" data-element_type=\"container\" data-e-type=\"container\">\n\t\t\t\t<div class=\"elementor-element elementor-element-e26a9c5 elementor-widget elementor-widget-text-editor\" data-id=\"e26a9c5\" data-element_type=\"widget\" data-e-type=\"widget\" data-widget_type=\"text-editor.default\">\n\t\t\t\t\t\t\t\t\t<p>\u201eThe Worked\u201d Narrative 2022r, Science-fiction<br \/>Dir&amp;Dop Jakub Pi\u00f3rkowski<\/p>\t\t\t\t\t\t\t\t<\/div>\n\t\t\t\t<div class=\"elementor-element elementor-element-4e74f76 elementor-widget elementor-widget-image\" data-id=\"4e74f76\" data-element_type=\"widget\" data-e-type=\"widget\" data-widget_type=\"image.default\">\n\t\t\t\t\t\t\t\t\t\t\t\t\t\t\t<img loading=\"lazy\" decoding=\"async\" width=\"1024\" height=\"576\" src=\"https:\/\/jakubpiorkowski.pl\/wp-content\/uploads\/2026\/03\/byc-jak-robert-1-1024x576.jpg\" class=\"attachment-large size-large wp-image-386\" alt=\"\" srcset=\"https:\/\/jakubpiorkowski.pl\/wp-content\/uploads\/2026\/03\/byc-jak-robert-1-1024x576.jpg 1024w, https:\/\/jakubpiorkowski.pl\/wp-content\/uploads\/2026\/03\/byc-jak-robert-1-300x169.jpg 300w, https:\/\/jakubpiorkowski.pl\/wp-content\/uploads\/2026\/03\/byc-jak-robert-1-768x432.jpg 768w, https:\/\/jakubpiorkowski.pl\/wp-content\/uploads\/2026\/03\/byc-jak-robert-1-1536x864.jpg 1536w, https:\/\/jakubpiorkowski.pl\/wp-content\/uploads\/2026\/03\/byc-jak-robert-1.jpg 1920w\" sizes=\"(max-width: 1024px) 100vw, 1024px\" \/>\t\t\t\t\t\t\t\t\t\t\t\t\t\t\t<\/div>\n\t\t\t\t<div class=\"elementor-element elementor-element-4fbc86e elementor-widget elementor-widget-text-editor\" data-id=\"4fbc86e\" data-element_type=\"widget\" data-e-type=\"widget\" data-widget_type=\"text-editor.default\">\n\t\t\t\t\t\t\t\t\t<p>\u201eTo Be Like Robert\u201d Narrative, 2021, Mockumentary Comedy<br \/>Dir: Robert Czerwinski<br \/>Dop: Jakub Pi\u00f3rkowski<\/p>\t\t\t\t\t\t\t\t<\/div>\n\t\t\t\t<div class=\"elementor-element elementor-element-64071e1 elementor-widget elementor-widget-image\" data-id=\"64071e1\" data-element_type=\"widget\" data-e-type=\"widget\" data-widget_type=\"image.default\">\n\t\t\t\t\t\t\t\t\t\t\t\t\t\t\t<img loading=\"lazy\" decoding=\"async\" width=\"1024\" height=\"576\" src=\"https:\/\/jakubpiorkowski.pl\/wp-content\/uploads\/2026\/03\/jak-osiagnac-sukces-3-1024x576.jpg\" class=\"attachment-large size-large wp-image-385\" alt=\"\" srcset=\"https:\/\/jakubpiorkowski.pl\/wp-content\/uploads\/2026\/03\/jak-osiagnac-sukces-3-1024x576.jpg 1024w, https:\/\/jakubpiorkowski.pl\/wp-content\/uploads\/2026\/03\/jak-osiagnac-sukces-3-300x169.jpg 300w, https:\/\/jakubpiorkowski.pl\/wp-content\/uploads\/2026\/03\/jak-osiagnac-sukces-3-768x432.jpg 768w, https:\/\/jakubpiorkowski.pl\/wp-content\/uploads\/2026\/03\/jak-osiagnac-sukces-3-1536x864.jpg 1536w, https:\/\/jakubpiorkowski.pl\/wp-content\/uploads\/2026\/03\/jak-osiagnac-sukces-3.jpg 1920w\" sizes=\"(max-width: 1024px) 100vw, 1024px\" \/>\t\t\t\t\t\t\t\t\t\t\t\t\t\t\t<\/div>\n\t\t\t\t<div class=\"elementor-element elementor-element-2c3d2a9 elementor-widget elementor-widget-text-editor\" data-id=\"2c3d2a9\" data-element_type=\"widget\" data-e-type=\"widget\" data-widget_type=\"text-editor.default\">\n\t\t\t\t\t\t\t\t\t<p>\u201eHow to Achieve Success\u201d Navvative, 2020, Comedy<br \/>Dir: Robert Czerwinski<br \/>Dop: Jakub Pi\u00f3rkowski\u00a0<\/p>\t\t\t\t\t\t\t\t<\/div>\n\t\t\t\t<\/div>\n\t\t\t\t<\/div>\n\t\t\t\t\t<\/div>\n\t\t\t\t<\/div>\n\t\t\t\t<\/div>","protected":false},"excerpt":{"rendered":"<p>Works &#8222;Kr\u00f3tka historia o przyja\u017ani&#8221; Narrative, 2026r, ComedyDir: Robert Czerwi\u0144skiDop: Jakub Pi\u00f3rkowski &#8222;Liminal&#8221; Narrative 2025r, Science-fictionDir: Paulina MichtaDop: Jakub Pi\u00f3rkowski [&hellip;]<\/p>\n","protected":false},"author":1,"featured_media":0,"parent":0,"menu_order":0,"comment_status":"closed","ping_status":"closed","template":"","meta":{"site-sidebar-layout":"no-sidebar","site-content-layout":"","ast-site-content-layout":"full-width-container","site-content-style":"default","site-sidebar-style":"default","ast-global-header-display":"","ast-banner-title-visibility":"","ast-main-header-display":"","ast-hfb-above-header-display":"","ast-hfb-below-header-display":"","ast-hfb-mobile-header-display":"","site-post-title":"disabled","ast-breadcrumbs-content":"","ast-featured-img":"disabled","footer-sml-layout":"","ast-disable-related-posts":"","theme-transparent-header-meta":"","adv-header-id-meta":"","stick-header-meta":"","header-above-stick-meta":"","header-main-stick-meta":"","header-below-stick-meta":"","astra-migrate-meta-layouts":"default","ast-page-background-enabled":"default","ast-page-background-meta":{"desktop":{"background-color":"var(--ast-global-color-5)","background-image":"","background-repeat":"repeat","background-position":"center center","background-size":"auto","background-attachment":"scroll","background-type":"","background-media":"","overlay-type":"","overlay-color":"","overlay-opacity":"","overlay-gradient":""},"tablet":{"background-color":"","background-image":"","background-repeat":"repeat","background-position":"center center","background-size":"auto","background-attachment":"scroll","background-type":"","background-media":"","overlay-type":"","overlay-color":"","overlay-opacity":"","overlay-gradient":""},"mobile":{"background-color":"","background-image":"","background-repeat":"repeat","background-position":"center center","background-size":"auto","background-attachment":"scroll","background-type":"","background-media":"","overlay-type":"","overlay-color":"","overlay-opacity":"","overlay-gradient":""}},"ast-content-background-meta":{"desktop":{"background-color":"var(--ast-global-color-4)","background-image":"","background-repeat":"repeat","background-position":"center center","background-size":"auto","background-attachment":"scroll","background-type":"","background-media":"","overlay-type":"","overlay-color":"","overlay-opacity":"","overlay-gradient":""},"tablet":{"background-color":"var(--ast-global-color-4)","background-image":"","background-repeat":"repeat","background-position":"center center","background-size":"auto","background-attachment":"scroll","background-type":"","background-media":"","overlay-type":"","overlay-color":"","overlay-opacity":"","overlay-gradient":""},"mobile":{"background-color":"var(--ast-global-color-4)","background-image":"","background-repeat":"repeat","background-position":"center center","background-size":"auto","background-attachment":"scroll","background-type":"","background-media":"","overlay-type":"","overlay-color":"","overlay-opacity":"","overlay-gradient":""}},"footnotes":""},"class_list":["post-49","page","type-page","status-publish","hentry"],"_links":{"self":[{"href":"https:\/\/jakubpiorkowski.pl\/en\/wp-json\/wp\/v2\/pages\/49","targetHints":{"allow":["GET"]}}],"collection":[{"href":"https:\/\/jakubpiorkowski.pl\/en\/wp-json\/wp\/v2\/pages"}],"about":[{"href":"https:\/\/jakubpiorkowski.pl\/en\/wp-json\/wp\/v2\/types\/page"}],"author":[{"embeddable":true,"href":"https:\/\/jakubpiorkowski.pl\/en\/wp-json\/wp\/v2\/users\/1"}],"replies":[{"embeddable":true,"href":"https:\/\/jakubpiorkowski.pl\/en\/wp-json\/wp\/v2\/comments?post=49"}],"version-history":[{"count":43,"href":"https:\/\/jakubpiorkowski.pl\/en\/wp-json\/wp\/v2\/pages\/49\/revisions"}],"predecessor-version":[{"id":673,"href":"https:\/\/jakubpiorkowski.pl\/en\/wp-json\/wp\/v2\/pages\/49\/revisions\/673"}],"wp:attachment":[{"href":"https:\/\/jakubpiorkowski.pl\/en\/wp-json\/wp\/v2\/media?parent=49"}],"curies":[{"name":"wp","href":"https:\/\/api.w.org\/{rel}","templated":true}]}}